{"id":983,"date":"2024-10-08T12:58:03","date_gmt":"2024-10-08T10:58:03","guid":{"rendered":"https:\/\/www.avismontichiari.it\/?page_id=983"},"modified":"2024-10-15T13:42:08","modified_gmt":"2024-10-15T11:42:08","slug":"faq","status":"publish","type":"page","link":"https:\/\/www.avismontichiari.it\/index.php\/faq\/","title":{"rendered":"FAQ"},"content":{"rendered":"\n<p class=\"has-kubio-color-1-color has-text-color has-link-color has-superbfont-medium-font-size wp-elements-d6773682584e6cfe005df3784df5d6ed\"><strong>INDICE:<\/strong><\/p>\n\n\n\n<p class=\"has-mono-1-color has-text-color has-link-color has-superbfont-medium-font-size wp-elements-9919d7f61feda9836dfd7e2abf4a19f6\"><strong>VERIFICA DI ESSERE IDONEO<\/strong><\/p>\n\n\n\n<p class=\"has-mono-1-color has-text-color has-link-color has-superbfont-medium-font-size wp-elements-0443bf3be2039819aecfd4ba60cbda80\"><strong>PER QUALSIASI ALTRO DUBBIO<\/strong><\/p>\n\n\n\n<p class=\"has-mono-1-color has-text-color has-link-color has-superbfont-medium-font-size wp-elements-ebec22d74d8db8b241330b1ba826bff6\"><strong>VADEMECUM DEL DONATORE &#8211; VIAGGIATORE<\/strong><\/p>\n\n\n\n<p class=\"has-kubio-color-1-color has-text-color has-link-color wp-elements-249c5aeaa4cecef38db710c96cfe6b7e\"><strong>**********<\/strong><\/p>\n\n\n\n<h2 class=\"wp-block-heading has-kubio-color-1-color has-text-color has-link-color wp-elements-6a60fb0b4b41359758b6d456834b214a\">VERIFICA DI ESSERE IDONEO<\/h2>\n\n\n\n<div class=\"wp-block-columns is-layout-flex wp-container-core-columns-is-layout-1 wp-block-columns-is-layout-flex\">\n<div class=\"wp-block-column has-contrast-light-background-color has-background is-layout-flow wp-block-column-is-layout-flow\">\n<details class=\"wp-block-details has-contrast-light-background-color has-text-color has-background has-link-color wp-elements-8f0812d2f5c2b273d396f8e863837a65 is-layout-flow wp-block-details-is-layout-flow\" style=\"color:#0a74bb\"><summary>Se hai il ciclo mestruale<\/summary>\n<p>Attendi che si&nbsp;<strong>sia concluso<\/strong>&nbsp;prima di tornare a donare.<\/p>\n\n\n\n<p><\/p>\n<\/details>\n\n\n\n<details class=\"wp-block-details has-contrast-light-background-color has-text-color has-background has-link-color wp-elements-173a901916a503dab9a683e80df33df8 is-layout-flow wp-block-details-is-layout-flow\" style=\"color:#0a74bb\"><summary>Se hai febbre superiore ai 37,5\u00b0 C e\/o sintomi influenzali<\/summary>\n<p>Attendi&nbsp;<strong>14 giorni dopo<\/strong>&nbsp;la cessazione dei sintomi prima della prossima donazione<\/p>\n<\/details>\n\n\n\n<details class=\"wp-block-details has-contrast-light-background-color has-text-color has-background has-link-color wp-elements-7f79b378250a1ea2798d8c5268a68905 is-layout-flow wp-block-details-is-layout-flow\" style=\"color:#0a74bb\"><summary>Se hai fatto di recente tatuaggi, body piercing o foratura delle orecchie<\/summary>\n<p>Attendi<strong>&nbsp;4 mesi,&nbsp;<\/strong>salvo complicazioni, prima della prossima donazione<\/p>\n<\/details>\n\n\n\n<details class=\"wp-block-details has-contrast-light-background-color has-text-color has-background has-link-color wp-elements-c8166fc47f87436ebdf84db6b6d71388 is-layout-flow wp-block-details-is-layout-flow\" style=\"color:#0a74bb\"><summary>Se sei stato sottoposto a un trattamento di Agopuntura (se non eseguita da professionisti qualificati con ago usa e getta)<\/summary>\n<p>Attendi&nbsp;<strong>4 mesi<\/strong>&nbsp;prima della prossima donazione<\/p>\n<\/details>\n\n\n\n<details class=\"wp-block-details has-contrast-light-background-color has-text-color has-background has-link-color wp-elements-3faddc7328f35c94e87b2965b64b567b is-layout-flow wp-block-details-is-layout-flow\" style=\"color:#0a74bb\"><summary>Se sei stato sottoposto a cure odontoiatriche di minore entit\u00e0 da parte di dentista o odontoigienista<\/summary>\n<p>Attendi&nbsp;<strong>48 ore<\/strong>&nbsp;prima della prossima donazione<\/p>\n<\/details>\n\n\n\n<details class=\"wp-block-details has-contrast-light-background-color has-text-color has-background has-link-color wp-elements-f0881a4a74ffb1c9a0537ea270c7c98d is-layout-flow wp-block-details-is-layout-flow\" style=\"color:#0a74bb\"><summary>Se sei stato sottoposto a un intervento chirurgico minore (interventi ambulatoriali in anestesia locale, come rimozione di nevi)<\/summary>\n<p>Attendi&nbsp;<strong>1 mese&nbsp;<\/strong>prima della prossima donazione. Ricorda di portare con te la documentazione relativa all\u2019intervento.<\/p>\n<\/details>\n\n\n\n<details class=\"wp-block-details has-contrast-light-background-color has-text-color has-background has-link-color wp-elements-973cb407ef7093520531c0d276ae4e17 is-layout-flow wp-block-details-is-layout-flow\" style=\"color:#0a74bb\"><summary>Se sei stato sottoposto a un intervento chirurgico maggiore<\/summary>\n<p>Attendi almeno&nbsp;<strong>4 mesi<\/strong>&nbsp; dal recupero dello stato di salute prima della prossima donazione. Ricorda di portare con te la documentazione relativa all\u2019intervento subito.<\/p>\n<\/details>\n\n\n\n<details class=\"wp-block-details has-contrast-light-background-color has-text-color has-background has-link-color wp-elements-a92f414463ff287e309edd90dad9672f is-layout-flow wp-block-details-is-layout-flow\" style=\"color:#0a74bb\"><summary>Se sei stato sottoposto a un trapianto di tessuti o cellule<\/summary>\n<p>Attendi&nbsp;<strong>4 mesi<\/strong>&nbsp;prima della prossima donazione<\/p>\n<\/details>\n\n\n\n<details class=\"wp-block-details has-contrast-light-background-color has-text-color has-background has-link-color wp-elements-591bc81ebd64879232012206f19a1b4a is-layout-flow wp-block-details-is-layout-flow\" style=\"color:#0a74bb\"><summary>Se hai donato il midollo osseo o sei stato sottoposto a un trapianto<\/summary>\n<p>Attendi&nbsp;<strong>1 anno,&nbsp;<\/strong>salvo complicazioni<\/p>\n<\/details>\n\n\n\n<details class=\"wp-block-details has-contrast-light-background-color has-text-color has-background has-link-color wp-elements-f7f0feb7a2beae4268af6485632af4e5 is-layout-flow wp-block-details-is-layout-flow\" style=\"color:#0a74bb\"><summary>Se sei in stato di gravidanza<\/summary>\n<p>Attendi&nbsp;<strong>6 mesi dopo il parto o l\u2019interruzione di gravidanza&nbsp;<\/strong>prima della prossima donazione<\/p>\n<\/details>\n\n\n\n<details class=\"wp-block-details has-contrast-light-background-color has-text-color has-background has-link-color wp-elements-38ad46f8d241b727567c17312fa1de01 is-layout-flow wp-block-details-is-layout-flow\" style=\"color:#0a74bb\"><summary>Se hai di recente viaggiato in aree tropicali<\/summary>\n<p>Attendi&nbsp;<strong>6 mesi<\/strong>&nbsp;dal rientro, salvo complicazioni o epidemie, prima della prossima donazione<\/p>\n<\/details>\n\n\n\n<details class=\"wp-block-details has-contrast-light-background-color has-text-color has-background has-link-color wp-elements-4b681ecd1a5b0b52bf2279fe93ce7d7e is-layout-flow wp-block-details-is-layout-flow\" style=\"color:#0a74bb\"><summary>Se hai assunto FANS (Aspirina, Aulin, Moment) o altri analgesici e antipiretici (ASA, pirazoloni, paracetamolo-Tachipirina)<\/summary>\n<p>Attendi<strong>&nbsp;5 giorni<\/strong>&nbsp;dall\u2019ultima somministrazione (<strong>se sei in terapia<\/strong>) prima della prossima donazione.<\/p>\n<\/details>\n<\/div>\n\n\n\n<div class=\"wp-block-column is-layout-flow wp-block-column-is-layout-flow\">\n<details class=\"wp-block-details has-text-color has-link-color wp-elements-184f4d373edd4b9b0053560e27774f12 is-layout-flow wp-block-details-is-layout-flow\" style=\"color:#0a74bb\"><summary>Se sei stato punto da una zecca<\/summary>\n<p>Attendi&nbsp;<strong>3 mesi<\/strong>&nbsp;prima della prossima donazione<\/p>\n<\/details>\n\n\n\n<details class=\"wp-block-details has-text-color has-link-color wp-elements-38843670741007c3fe45daeb28a9535b is-layout-flow wp-block-details-is-layout-flow\" style=\"color:#0a74bb\"><summary>Se hai subito lesioni da ago o altre esposizioni accidentali a strumenti che veicolano sangue<\/summary>\n<p>Attendi almeno&nbsp;<strong>4 mesi<\/strong>&nbsp;prima della prossima donazione<\/p>\n<\/details>\n\n\n\n<details class=\"wp-block-details has-text-color has-link-color wp-elements-8828ff73a622ee039d3a446d2fdd2f87 is-layout-flow wp-block-details-is-layout-flow\" style=\"color:#0a74bb\"><summary>Se sei stato sottoposto ad un esame endoscopico<\/summary>\n<p>Attendi<strong>&nbsp;4 mesi<\/strong>&nbsp;prima della prossima donazione. Ricorda di portare con te la documentazione relativa all\u2019esame effettuato.<\/p>\n<\/details>\n\n\n\n<details class=\"wp-block-details has-text-color has-link-color wp-elements-abbe29742c29e6ce5d0752f399089a0f is-layout-flow wp-block-details-is-layout-flow\" style=\"color:#0a74bb\"><summary>Se sei stato sottoposto a un esame con liquido di contrasto<\/summary>\n<p>Attendi&nbsp;<strong>15 giorni&nbsp;<\/strong>prima della prossima donazione<\/p>\n<\/details>\n\n\n\n<details class=\"wp-block-details has-text-color has-link-color wp-elements-db43789b60f7b62ac2c059d6ae9726b7 is-layout-flow wp-block-details-is-layout-flow\" style=\"color:#0a74bb\"><summary>Se hai contratto la toxoplasmosi<\/summary>\n<p>Attendi&nbsp;<strong>6 mesi<\/strong>&nbsp;della completa guarigione prima della prossima donazione<\/p>\n<\/details>\n\n\n\n<details class=\"wp-block-details has-text-color has-link-color wp-elements-2c017436a4e6d92dd95120ac8aa4777e is-layout-flow wp-block-details-is-layout-flow\" style=\"color:#0a74bb\"><summary>Se hai contratto la mononucleosi infettiva<\/summary>\n<p>Attendi&nbsp;<strong>4 mesi<\/strong>&nbsp;dalla completa guarigione prima della prossima donazione<\/p>\n<\/details>\n\n\n\n<details class=\"wp-block-details has-text-color has-link-color wp-elements-f57f2a4e6f1f536afeb0716fe9ec5664 is-layout-flow wp-block-details-is-layout-flow\" style=\"color:#0a74bb\"><summary>Se sei stato sottoposto a trasfusioni di emocomponenti o somministrazione di emoderivati<\/summary>\n<p>Attendi&nbsp;<strong>4 mesi<\/strong>&nbsp;prima della prossima donazione<\/p>\n<\/details>\n\n\n\n<details class=\"wp-block-details has-text-color has-link-color wp-elements-ca559a6a716735afc3f66a64bb1e0f92 is-layout-flow wp-block-details-is-layout-flow\" style=\"color:#0a74bb\"><summary>Se stai assumendo antibiotici, antimicotici, antipsoriasici o antivirali<\/summary>\n<p>Attendi&nbsp;<strong>15 giorni<\/strong>&nbsp;dall\u2019ultima somministrazione prima della prossima donazione<\/p>\n<\/details>\n\n\n\n<details class=\"wp-block-details has-text-color has-link-color wp-elements-9a90ebceaa4c5ad6536cc79a09113ea1 is-layout-flow wp-block-details-is-layout-flow\" style=\"color:#0a74bb\"><summary>Se assumi psicofarmaci<\/summary>\n<p>Attendi&nbsp;<strong>6 mesi<\/strong>&nbsp;dal termine della terapia e previo &nbsp;colloquio con il medico, prima della prossima donazione<\/p>\n<\/details>\n\n\n\n<details class=\"wp-block-details has-text-color has-link-color wp-elements-3b98c603cc4ae735a4e8a7f23831d35e is-layout-flow wp-block-details-is-layout-flow\" style=\"color:#0a74bb\"><summary>Se sei stato sottoposto a vaccinazione<\/summary>\n<p>Attendi&nbsp;<strong>dalle 48 ore alle 4 settimane<\/strong>&nbsp;prima della prossima donazione. Consulta un medico per avere informazioni pi\u00f9 precise.<\/p>\n<\/details>\n\n\n\n<details class=\"wp-block-details has-text-color has-link-color wp-elements-8fec779ab3ff106eb2bdac614159b1ee is-layout-flow wp-block-details-is-layout-flow\" style=\"color:#0a74bb\"><summary>Se hai un nuovo partner sessuale (sia per relazioni eterosessuali che omosessuali)<\/summary>\n<p>Attendi&nbsp;<strong>4 mesi<\/strong>&nbsp;prima della prossima donazione<\/p>\n<\/details>\n\n\n\n<details class=\"wp-block-details has-text-color has-link-color wp-elements-1096ae0c211040e222a95e4f49a1f718 is-layout-flow wp-block-details-is-layout-flow\" style=\"color:#0a74bb\"><summary>Se hai avuto una convivenza occasionale o convivi abitualmente con un soggetto, che non sia partner sessuale, con positivit\u00e0 per HBsAg e\/o anti HCV<\/summary>\n<p>Attendi almeno<strong>&nbsp;4 mesi dopo la cessazione della convivenza<\/strong>&nbsp;prima della prossima donazione. Ci\u00f2 si applica anche se il donatore \u00e8 vaccinato per l\u2019epatite B.<\/p>\n<\/details>\n<\/div>\n<\/div>\n\n\n\n<p class=\"has-kubio-color-1-color has-text-color has-link-color wp-elements-249c5aeaa4cecef38db710c96cfe6b7e\"><strong>**********<\/strong><\/p>\n\n\n\n<h2 class=\"wp-block-heading has-kubio-color-1-color has-text-color has-link-color wp-elements-7efd3a2c24ec2944b5a5f382cda34926\"><strong>PER QUALSIASI ALTRO DUBBIO<\/strong><\/h2>\n\n\n\n<details class=\"wp-block-details has-text-color has-link-color wp-elements-a1c9f3dbfd095a87b134d7673640dec2 is-layout-flow wp-block-details-is-layout-flow\" style=\"color:#0a74bb\"><summary>Se ho intolleranze, allergie o un regime alimentare restrittivo posso donare?<\/summary>\n<p>SI. A livello normativo nulla vieta a vegetariani e vegani di donare il sangue&nbsp;e questo perch\u00e9 entrambi i tipi di alimentazione non sono considerati un pericolo per la salute del donatore. Annualmente il donatore esegue esami ematici che aiutano a comprendere se il proprio regime alimentare abbia determinato delle carenze alimentari.<\/p>\n<\/details>\n\n\n\n<details class=\"wp-block-details has-text-color has-link-color wp-elements-cf1091aa70a1d1686b48ba75dff73b58 is-layout-flow wp-block-details-is-layout-flow\" style=\"color:#0a74bb\"><summary>Posso mangiare prima della donazione?<\/summary>\n<p>\u00c8 consigliabile prima della donazione fare una colazione leggera, soprattutto per coloro i quali donano in tarda mattinata. Presentarsi a digiuno pu\u00f2 rappresentare un problema in quanto ci predispone pi\u00f9 facilmente a sviluppare malori.<br>La scelta migliore \u00e8 quella di consumare th\u00e8 o caff\u00e8 (senza zuccheri), fette biscottate, biscotti secchi o frutta; evitare latticini.<br>Fondamentale idratarsi perch\u00e8 la donazione corrisponde a una perdita di liquidi, di conseguenza c\u2019\u00e8 bisogno di una grande idratazione nelle ore precedenti e immediatamente successive.<\/p>\n<\/details>\n\n\n\n<details class=\"wp-block-details has-text-color has-link-color wp-elements-20bd32ed24ba8d022a72d084a8a0d408 is-layout-flow wp-block-details-is-layout-flow\" style=\"color:#0a74bb\"><summary>Soffro di allergie, posso donare?<\/summary>\n<p>I soggetti allergici sintomatici con terapia in atto (antistaminica , cortisonica) sono sospesi temporaneamente dalla donazione. Possono donare nei periodi in cui l\u2019allergia \u00e8 asintomatica.<\/p>\n<\/details>\n\n\n\n<details class=\"wp-block-details has-text-color has-link-color wp-elements-99aef342305d5812e70df5bdc22459ed is-layout-flow wp-block-details-is-layout-flow\" style=\"color:#0a74bb\"><summary>Ho preso un antibiotico, posso donare?<\/summary>\n<p>S\u00ec.&nbsp;Prima di riprendere a donare bisogna per\u00f2 attendere 15 giorni dall\u2019ultima assunzione.<\/p>\n<\/details>\n\n\n\n<details class=\"wp-block-details has-text-color has-link-color wp-elements-d2be20e46722afb23bae68d40f7699d4 is-layout-flow wp-block-details-is-layout-flow\" style=\"color:#0a74bb\"><summary>Si pu\u00f2 donare dopo essere stati vaccinati?<\/summary>\n<p>S\u00ec.&nbsp;Il periodo di astensione dalla donazione va dalle 48 ore alle 4 settimane in base alla tipologia di vaccino. Ad esempio sono necessarie 48 ore per il vaccino per il Covid-19 e anti influenzale, purch\u00e9 in assenza di reazioni avverse di qualunque natura.<\/p>\n<\/details>\n\n\n\n<details class=\"wp-block-details has-text-color has-link-color wp-elements-2bf5f0e80dd6669f4dfe9a971519f4ef is-layout-flow wp-block-details-is-layout-flow\" style=\"color:#0a74bb\"><summary>Assumo droghe, posso donare?<\/summary>\n<p>Anche l\u2019utilizzo occasionale di droghe leggere preclude la possibilit\u00e0 di donare.<\/p>\n<\/details>\n\n\n\n<details class=\"wp-block-details has-text-color has-link-color wp-elements-643f5d941b6e22c82d4c2a7164cbd73a is-layout-flow wp-block-details-is-layout-flow\" style=\"color:#0a74bb\"><summary>Ho comportamenti sessuali a rischio o ho cambiato partner, posso donare?<\/summary>\n<p>\u00c8 necessario avere un partner stabile nei 4 mesi antecedenti la donazione, indipendentemente che si tratti di rapporti eterosessuali o omosessuali. La sessualit\u00e0 consapevole e responsabile \u00e8 il patto tra donatori e sistema trasfusionale. L\u2019occasionalit\u00e0 e la frequenza nei rapporti sessuali con partner diversi aumenta il rischio di trasmissione di virus.<\/p>\n<\/details>\n\n\n\n<details class=\"wp-block-details has-text-color has-link-color wp-elements-d142543e058aed2d41f8d87604d801ab is-layout-flow wp-block-details-is-layout-flow\" style=\"color:#0a74bb\"><summary>Ho avuto malattie neoplastiche (tumori), posso donare?<\/summary>\n<p>No. Anche nel caso di malattie pregresse ci troviamo nell\u2019ambito dell\u2019esclusione definitiva, a tutela del donatore stesso.<\/p>\n<\/details>\n\n\n\n<details class=\"wp-block-details has-text-color has-link-color wp-elements-89ce3bc6ffb000da335fc6b61ef05dd0 is-layout-flow wp-block-details-is-layout-flow\" style=\"color:#0a74bb\"><summary>Ho avuto malattie autoimmuni, posso donare?<\/summary>\n<p>\u00c8 necessario parlare con un medico.<\/p>\n<\/details>\n\n\n\n<details class=\"wp-block-details has-text-color has-link-color wp-elements-964774e5bb125ff66b39ceb9e04c3413 is-layout-flow wp-block-details-is-layout-flow\" style=\"color:#0a74bb\"><summary>Sono in terapia farmacologica, posso donare?<\/summary>\n<p>\u00c8 necessario parlare con un medico.<\/p>\n<\/details>\n\n\n\n<details class=\"wp-block-details has-text-color has-link-color wp-elements-1bb5faef3cfc67d6dc3f36286e1e6af3 is-layout-flow wp-block-details-is-layout-flow\" style=\"color:#0a74bb\"><summary>Ho malattie cardiovascolari o soffro di ipertensione, posso donare?<\/summary>\n<p>\u00c8 necessario parlare con un medico.<\/p>\n<\/details>\n\n\n\n<details class=\"wp-block-details has-text-color has-link-color wp-elements-a345db499e7ce17deec992dfacdf56ec is-layout-flow wp-block-details-is-layout-flow\" style=\"color:#0a74bb\"><summary>Dopo la gravidanza posso donare?<\/summary>\n<p><strong>S\u00ec.<\/strong>&nbsp;Devono per\u00f2 passare 6 mesi dal parto o dall\u2019interruzione di gravidanza. Non ci sono controindicazioni con l\u2019allattamento.<\/p>\n<\/details>\n\n\n\n<details class=\"wp-block-details has-text-color has-link-color wp-elements-b9a1e0365d6774be9ea2f7d953eb89db is-layout-flow wp-block-details-is-layout-flow\" style=\"color:#0a74bb\"><summary>Ho subito un intervento, posso donare?<\/summary>\n<p><strong>Meglio approfondire.<\/strong>&nbsp;Se si tratta di un intervento considerato \u201cmedio\u201d come asportazione nevi, cisti, interventi oculistici occorre attendere almeno un mese mentre nei casi di interventi maggiori, come protesi, innesti odontoiatrici, occorre attendere 4 mesi.<\/p>\n<\/details>\n\n\n\n<details class=\"wp-block-details has-text-color has-link-color wp-elements-c421b145a269934c5b6e907ee9536084 is-layout-flow wp-block-details-is-layout-flow\" style=\"color:#0a74bb\"><summary>Sono stato all&#8217;estero, posso donare?<\/summary>\n<p>SI. Nel caso di viaggi in paesi tropicali \u00e8 necessario sottoporsi, trascorsi 6 mesi, al test della malaria o del chagas, sulla base delle aree endemiche. Nel caso di esito negativo al test \u00e8 possibile donare? SI. Per approfondimenti sulle aree endemiche chiamaci.<\/p>\n<\/details>\n\n\n\n<details class=\"wp-block-details has-text-color has-link-color wp-elements-f9eb0c2fe97b9ef7c7a609ae441a34b2 is-layout-flow wp-block-details-is-layout-flow\" style=\"color:#0a74bb\"><summary>Ho fatto un piercing o un tatuaggio, posso donare?<\/summary>\n<p><strong>S\u00ec,&nbsp;<\/strong><em>o<\/em>ccorre per\u00f2 attendere 4 mesi.<\/p>\n<\/details>\n\n\n\n<details class=\"wp-block-details has-text-color has-link-color wp-elements-9f6ace6cd5d1c17940759f4be686ac9e is-layout-flow wp-block-details-is-layout-flow\" style=\"color:#0a74bb\"><summary>Sto seguendo una terapia ormonale, posso donare?<\/summary>\n<p>Per le terapie anticoncezionali non esiste una preclusione. Per qualunque assunzione di ormoni va consultato il medico, come nel caso di assunzione di qualsiasi farmaco.<\/p>\n<\/details>\n\n\n\n<details class=\"wp-block-details has-text-color has-link-color wp-elements-2af1d4164cb4c8aa91e94899c8ad45d2 is-layout-flow wp-block-details-is-layout-flow\" style=\"color:#0a74bb\"><summary>Ogni quanto si pu\u00f2 donare?<\/summary>\n<p>Devono trascorrere almeno 90 giorni tra una donazione di sangue e l\u2019altra. Si pu\u00f2 donare massimo 4 volte all\u2019anno e le donne in et\u00e0 fertile massimo 2. Per le donazioni di plasma e\/o piastrine i tempi si riducono anche a 30 giorni.<\/p>\n<\/details>\n\n\n\n<details class=\"wp-block-details has-text-color has-link-color wp-elements-23a9041198dbec855b18fff17a8ec5c9 is-layout-flow wp-block-details-is-layout-flow\" style=\"color:#0a74bb\"><summary>\u00c8 passato tanto tempo dalla mia ultima donazione, cosa devo fare per ritornare a donare?<\/summary>\n<p>Se sono trascorsi pi\u00f9 di due anni dall\u2019ultima donazione, sar\u00e0 necessario prenotare una visita di idoneit\u00e0 per poter riprendere a donare.<\/p>\n<\/details>\n\n\n\n<details class=\"wp-block-details has-text-color has-link-color wp-elements-73e930414554096f62f89eee3ef85214 is-layout-flow wp-block-details-is-layout-flow\" style=\"color:#0a74bb\"><summary>Chi aiuto con la mia donazione?<\/summary>\n<p>Non solo grazie alle trasfusioni i pazienti oncologici, trapiantati, affetti da malattie del sangue come la talassemia, i bambini nati prematuri, i grandi ustionati, ma con il plasma si producono anche farmaci salvavita per i pazienti cronici affetti da malattie immunodeficienti. Sangue e plasma sono preziosi e indispensabili in molti contesti.<br><strong>Se non sei idoneo alla donazione puoi comunque diventare donatore del tuo tempo!<\/strong><\/p>\n<\/details>\n\n\n\n<p class=\"has-kubio-color-1-color has-text-color has-link-color wp-elements-249c5aeaa4cecef38db710c96cfe6b7e\"><strong>**********<\/strong><\/p>\n\n\n\n<h2 class=\"wp-block-heading has-kubio-color-1-color has-text-color has-link-color wp-elements-6bc6c7679b846119865ec1d1b23d2bdc\"><strong>VADEMECUM DEL DONATORE &#8211; VIAGGIATORE<\/strong><\/h2>\n\n\n\n<p>ACCOGLIENDO LE RICHIESTE DEI MEDICI ADDETTI ALLA SELEZIONE E DEI DONATORI ABBIAMO RITENUTO UTILE PROPORRE UN \u201cVADEMECUM\u201d, DI RAPIDA E SEMPLICE CONSULTAZIONE, CHE RIPONDESSE ALLE PI\u00d9 FREQUENTI DOMANDE CIRCA LE SOSPENSIONI ALLA DONAZIONE DOPO UN VIAGGIO ALL\u2019ESTERO.<\/p>\n\n\n\n<p class=\"has-kubio-color-1-color has-text-color has-link-color wp-elements-86e8aff103d91fdbf7d062942e02f5d4\"><strong>PER SCARICARE IL PDF&nbsp;<a href=\"https:\/\/gocciamagazine.it\/wp-content\/uploads\/2018\/08\/Il-donatore-viaggiatore.pdf\" target=\"_blank\" rel=\"noreferrer noopener\">CLICCA QUI<\/a><\/strong><\/p>\n\n\n\n<p>Di seguito una breve spiegazione delle voci presenti nella mappa<strong><em>&nbsp;(con i colori di riferimento per le aree interessate)<\/em>.<\/strong><\/p>\n\n\n\n<p class=\"has-text-color has-link-color wp-elements-59aa2aa590d069c5d225e40a819c86fd\" style=\"color:#ff9900\"><strong>Paese con 28 giorni di sospensione<\/strong><\/p>\n\n\n\n<p class=\"has-kubio-color-1-color has-text-color has-link-color wp-elements-04a73b722aaa36ad2606354ff0f2c716\"><strong>Paese con aree ad endemia malarica: 6 mesi di sospensione<\/strong><\/p>\n\n\n\n<p>Il donatore \u00e8 idoneo a tutti i tipi di donazione dopo 6 mesi dal rientro se non ha sofferto di episodi febbrili o di altra sintomatologia compatibile con la diagnosi di malaria durante il soggiorno o nei 6 mesi successivi al rientro e se risulta negativo a un test immunologico per la ricerca di anticorpi antimalarici eseguito dopo 6 mesi dal rientro.<\/p>\n\n\n\n<p>Se il donatore non effettua il test e non ha sofferto di episodi febbrili o di altra sintomatologia compatibile con la diagnosi di malaria durante il soggiorno o nei 6 mesi successivi al rientro \u00e8 idoneo:<\/p>\n\n\n\n<p>1 \u2013 solamente alla donazione di plasma da avviare alla produzione industriale di farmaci emoderivati dopo 6 mesi dal rientro;<\/p>\n\n\n\n<p>2 \u2013 a tutti i tipi di donazione dopo 12 mesi dal rientro.<\/p>\n\n\n\n<p class=\"has-text-color has-link-color wp-elements-237af5efeee90803a510ccbc35d846d2\" style=\"color:#3333b3\"><strong>Paese attraversato dai tropici in assenza di endemia malarica: 6 mesi di sospensione<\/strong><\/p>\n\n\n\n<p>Sospensione di 6 mesi dalle donazioni di sangue ed emocomponenti. Idoneo dopo 6 mesi dal rientro a tutti i tipi di donazione.<\/p>\n\n\n\n<p>Valutare lo stato di salute del donatore con particolare attenzione ad episodi febbrili dopo il rientro e le condizioni igienico-sanitarie ed epidemiologiche della zona visitata.<\/p>\n\n\n\n<p class=\"has-text-color has-link-color wp-elements-4d997204fdd4be61d7c6691aa2a17d5e\" style=\"color:#3366ff\"><strong>Paese con Tripanosomiasi Americana (M. di Chagas) endemica: 6 mesi di sospensione<\/strong><\/p>\n\n\n\n<p>Soggetti che hanno viaggiato in aree a rischio (rurali) e soggiornato in condizioni favorenti la malattia di Chagas (camping, trekking): possono essere ammessi alla donazione solo in presenza di un test per anticorpi Anti Trypanosoma cruzi negativo, eseguito dopo 6 mesi dal rientro.<\/p>\n\n\n\n<iframe loading=\"lazy\" src=\"https:\/\/www.google.com\/maps\/d\/embed?mid=1Bo9S2WsJzBQvnQQo8UREawuqW4i1R-XZ&#038;ehbc=2E312F\" width=\"640\" height=\"480\"><\/iframe>\n","protected":false},"excerpt":{"rendered":"<p>INDICE: VERIFICA DI ESSERE IDONEO PER QUALSIASI ALTRO DUBBIO VADEMECUM DEL DONATORE &#8211; VIAGGIATORE ********** VERIFICA DI ESSERE IDONEO ********** PER QUALSIASI ALTRO DUBBIO ********** VADEMECUM DEL DONATORE &#8211; VIAGGIATORE ACCOGLIENDO LE RICHIESTE DEI MEDICI ADDETTI ALLA SELEZIONE E DEI DONATORI ABBIAMO RITENUTO UTILE PROPORRE UN \u201cVADEMECUM\u201d, DI RAPIDA E SEMPLICE CONSULTAZIONE, CHE RIPONDESSE ALLE [&hellip;]<\/p>\n","protected":false},"author":1,"featured_media":0,"parent":0,"menu_order":0,"comment_status":"closed","ping_status":"closed","template":"","meta":{"saved_in_kubio":false,"_joinchat":[],"footnotes":""},"class_list":["post-983","page","type-page","status-publish","hentry"],"kubio_ai_page_context":{"short_desc":"","purpose":"general"},"_links":{"self":[{"href":"https:\/\/www.avismontichiari.it\/index.php\/wp-json\/wp\/v2\/pages\/983"}],"collection":[{"href":"https:\/\/www.avismontichiari.it\/index.php\/wp-json\/wp\/v2\/pages"}],"about":[{"href":"https:\/\/www.avismontichiari.it\/index.php\/wp-json\/wp\/v2\/types\/page"}],"author":[{"embeddable":true,"href":"https:\/\/www.avismontichiari.it\/index.php\/wp-json\/wp\/v2\/users\/1"}],"replies":[{"embeddable":true,"href":"https:\/\/www.avismontichiari.it\/index.php\/wp-json\/wp\/v2\/comments?post=983"}],"version-history":[{"count":44,"href":"https:\/\/www.avismontichiari.it\/index.php\/wp-json\/wp\/v2\/pages\/983\/revisions"}],"predecessor-version":[{"id":1263,"href":"https:\/\/www.avismontichiari.it\/index.php\/wp-json\/wp\/v2\/pages\/983\/revisions\/1263"}],"wp:attachment":[{"href":"https:\/\/www.avismontichiari.it\/index.php\/wp-json\/wp\/v2\/media?parent=983"}],"curies":[{"name":"wp","href":"https:\/\/api.w.org\/{rel}","templated":true}]}}