{"id":25,"date":"2013-06-24T10:34:27","date_gmt":"2013-06-24T08:34:27","guid":{"rendered":"http:\/\/www.avismontichiari.it\/?page_id=25"},"modified":"2013-06-24T10:34:27","modified_gmt":"2013-06-24T08:34:27","slug":"sangue","status":"publish","type":"page","link":"https:\/\/www.avismontichiari.it\/index.php\/sangue\/","title":{"rendered":"Sangue"},"content":{"rendered":"<p><span style=\"color: #3366ff;\"><strong>PARTE corpuscolata<\/strong><\/span><\/p>\n<p><strong>Globuli rossi:<\/strong> (eritrociti o emazie) hanno la funzione di trasportare l&#8217;ossigeno ai tessuti eliminando l&#8217;anidride carbonica. Presiedono alla regolazione dell&#8217;equilibrio acido-base del sangue. Sono costituiti per il 65% di acqua e per il 35% di sostanze solide (95% di emoglobina e 5% di lipidi, enzimi).<br \/>\nPosseggono sulla loro superficie gli antigeni dei gruppi sanguigni.<br \/>\nIl numero dei globuli rossi, di media, va da 4,2 a 6 milioni per millimetro cubo.<\/p>\n<p><strong>Globuli bianchi:<\/strong> (o leucociti) hanno una funzione di difesa dell&#8217;organismo.<br \/>\nAlcuni servono a distruggere le sostanze estranee penetrate nell&#8217;organismo; altri servono alla formazione di anticorpi.<br \/>\nSono divisi in Granulociti, Linfociti e Monociti.<br \/>\nI valori normali vanno da 4.000 a 10.000 per millimetro cubo.<\/p>\n<p><strong>Piastrine:<\/strong> sono i pi\u00f9 piccoli elementi del sangue. In un millimetro cubo si trovano circa 300.000 piastrine. La loro durata media \u00e8 brevissima: 3-5 giorni. La loro funzione \u00e8 importante nella coagulazione del sangue.<\/p>\n<p><strong><span style=\"color: #3366ff;\">PARTE liquida<\/span><\/strong><\/p>\n<p>Il plasma: rappresenta la componente liquida del sangue, grazie alla quale le cellule sanguigne possono circolare. Il plasma \u00e8 costituito prevalentemente da acqua (90%), nella quale sono disciolte e veicolate molte sostanze quali proteine, zuccheri, grassi, sali minerali, ormoni, vitamine, anticorpi e fattori della coagulazione.<br \/>\nLe Funzioni del sangue Il sangue esercita numerose funzioni all&#8217;interno dell&#8217;organismo:<\/p>\n<p>&#8211; Respiratoria (scambio ossigeno\/anidride carbonica)<br \/>\n&#8211; Nutritizia (porta a tutte le cellule le sostanze nutrienti)<br \/>\n&#8211; Escretrice (raccoglie i rifiuti che convoglia agli organi destinati a distruggerli)<br \/>\n&#8211; Termoregolatrice (distribuisce il calore)<br \/>\n&#8211; Regola l&#8217;equilibrio idrico (per mezzo del plasma)<br \/>\n&#8211; Difesa (trasporta i globuli bianchi e gli anticorpi)<br \/>\n&#8211; Coagulante, grazie all&#8217;azione delle piastrine e dei fattori plasmatici della coagulazione<\/p>\n<p><strong><span style=\"color: #3366ff;\">Come si conserva il sangue<\/span><\/strong><\/p>\n<p>&#8211; Il sangue intero e i concentrati di globuli rossi vengono conservati in appositi frigoriferi a\u00a0\u00a0\u00a0\u00a0\u00a0 una temperatura fra i +2\u00b0C e i +6\u00b0C, per un massimo di 35\/42 giorni a seconda della\u00a0\u00a0\u00a0\u00a0\u00a0\u00a0\u00a0\u00a0\u00a0\u00a0\u00a0\u00a0\u00a0\u00a0 soluzione additiva presente nella sacca.<br \/>\nI globuli rossi possono essere conservati congelati a \u201380\u00b0C per mesi e anche per anni.<br \/>\n&#8211; I concentrati di piastrine sono conservati a temperatura ambiente (+20\/22\u00b0C) per un\u00a0\u00a0\u00a0\u00a0\u00a0\u00a0\u00a0\u00a0\u00a0 massimo di 5\/7 giorni<br \/>\n&#8211; I concentrati di globuli bianchi devono essere utilizzati entro 12 ore dalla preparazione e conservati a temperatura ambiente<br \/>\n&#8211; Il plasma viene congelato e, se conservato costantemente a temperatura inferiore a \u201330\u00b0C, pu\u00f2 essere impiegato in un periodo massimo di 12 mesi.<\/p>\n<p>Questi dati non sono fissi, ma evolvono in base al progresso delle applicazioni tecnologiche e vengono di volta in volta stabiliti da Decreti Ministeriali. Dall\u2019analisi di questo processo di conservazione particolarmente complesso e delicato emerge l\u2019importanza che riveste un uso razionale e programmato del sangue, al fine di evitarne inutili sprechi.<\/p>\n","protected":false},"excerpt":{"rendered":"<p>PARTE corpuscolata Globuli rossi: (eritrociti o emazie) hanno la funzione di trasportare l&#8217;ossigeno ai tessuti eliminando l&#8217;anidride carbonica. Presiedono alla regolazione dell&#8217;equilibrio acido-base del sangue. Sono costituiti per il 65% di acqua e per il 35% di sostanze solide (95% di emoglobina e 5% di lipidi, enzimi). Posseggono sulla loro superficie gli antigeni dei gruppi [&hellip;]<\/p>\n","protected":false},"author":1,"featured_media":0,"parent":0,"menu_order":0,"comment_status":"closed","ping_status":"open","template":"","meta":{"saved_in_kubio":false,"_joinchat":[],"footnotes":""},"class_list":["post-25","page","type-page","status-publish","hentry"],"kubio_ai_page_context":{"short_desc":"","purpose":"general"},"_links":{"self":[{"href":"https:\/\/www.avismontichiari.it\/index.php\/wp-json\/wp\/v2\/pages\/25"}],"collection":[{"href":"https:\/\/www.avismontichiari.it\/index.php\/wp-json\/wp\/v2\/pages"}],"about":[{"href":"https:\/\/www.avismontichiari.it\/index.php\/wp-json\/wp\/v2\/types\/page"}],"author":[{"embeddable":true,"href":"https:\/\/www.avismontichiari.it\/index.php\/wp-json\/wp\/v2\/users\/1"}],"replies":[{"embeddable":true,"href":"https:\/\/www.avismontichiari.it\/index.php\/wp-json\/wp\/v2\/comments?post=25"}],"version-history":[{"count":2,"href":"https:\/\/www.avismontichiari.it\/index.php\/wp-json\/wp\/v2\/pages\/25\/revisions"}],"predecessor-version":[{"id":27,"href":"https:\/\/www.avismontichiari.it\/index.php\/wp-json\/wp\/v2\/pages\/25\/revisions\/27"}],"wp:attachment":[{"href":"https:\/\/www.avismontichiari.it\/index.php\/wp-json\/wp\/v2\/media?parent=25"}],"curies":[{"name":"wp","href":"https:\/\/api.w.org\/{rel}","templated":true}]}}