{"id":16,"date":"2013-06-24T10:21:17","date_gmt":"2013-06-24T08:21:17","guid":{"rendered":"http:\/\/www.avismontichiari.it\/?page_id=16"},"modified":"2013-06-24T10:21:17","modified_gmt":"2013-06-24T08:21:17","slug":"come-donare","status":"publish","type":"page","link":"https:\/\/www.avismontichiari.it\/index.php\/come-donare\/","title":{"rendered":"Come donare"},"content":{"rendered":"<p>Chi intende diventare donatore di sangue pu\u00f2 recarsi presso una sede o un centro di raccolta Avis o un Servizio trasfusionale dell&#8217;ospedale della propria citt\u00e0.<\/p>\n<p><span style=\"color: #3366ff;\"><strong>Colloquio con il medico<\/strong><\/span><\/p>\n<p>Il colloquio aiuter\u00e0 a stabilire l&#8217;idoneit\u00e0 e ad individuare quale tipo di donazione \u00e8 pi\u00f9 indicata: sangue intero o aferesi.<br \/>\nDopo la visita medica verr\u00e0 effettuato il prelievo del sangue necessario per eseguire gli esami di laboratorio prescritti per accertare l&#8217;idoneit\u00e0 al dono.<\/p>\n<p>Accertata l&#8217;idoneit\u00e0 il nuovo donatore verr\u00e0 invitato ad effettuare la prima donazione<br \/>\nimmagine facsimile modulo Valutazione clinica e firma del modulo di accettazione e consenso alla donazione<\/p>\n<p>Ad ogni donazione il medico per prima cosa effettuer\u00e0 una valutazione clinica del donatore (battito cardiaco, pressione arteriosa, emoglobina), quindi l&#8217;intervista per l&#8217;accertamento di eventuali situazioni che rendano la donazione controindicata tanto per la sicurezza del donatore che per quella del ricevente (tra cui i comportamenti a rischio intercorsi dall&#8217;ultima donazione) e richieder\u00e0 al donatore la firma del consenso alla donazione.<br \/>\nIl mattino del prelievo \u00e8 preferibile essere a digiuno o aver fatto una colazione leggera a base di frutta fresca o spremute, th\u00e8 o caff\u00e8 poco zuccherati, pane non condito o altri carboidrati semplici. Le donne che hanno in corso la terapia anticoncezionale non devono sospenderne l&#8217;assunzione quotidiana.<\/p>\n<p><strong><span style=\"color: #3366ff;\">Il prelievo<\/span><\/strong><\/p>\n<p>Il prelievo di sangue intero \u00e8 assolutamente innocuo per il donatore e ha una durata di circa 5-8 minuti. Il volume massimo di sangue prelevato, stabilito per legge, \u00e8 uguale a 450 centimetri cubici +\/- 10%.<\/p>\n<p><span style=\"color: #3366ff;\"><strong>Dopo il prelievo<\/strong><\/span><\/p>\n<p>Dopo il prelievo viene offerto un ristoro per reintegrare i liquidi e migliorare il comfort post donazione.<br \/>\nAi lavoratori dipendenti viene riconosciuta per legge una giornata di riposo retribuita.<br \/>\nEsami obbligatori ad ogni donazione e controlli periodici<\/p>\n<p>Ad ogni donazione il donatore e il sangue prelevato vengono sottoposti ai seguenti esami:<\/p>\n<p>&#8211; esame emocromocitometrico completo<br \/>\n&#8211; transaminasi ALT con metodo ottimizzato<br \/>\n&#8211; sierodiagnosi per la Lue<br \/>\n&#8211; HIVAb 1-2 (per l&#8217;AIDS)<br \/>\n&#8211; HBsAg (per l&#8217;epatite B )<br \/>\n&#8211; HCVAb e costituenti virali (per l&#8217;epatite C)<br \/>\n&#8211; Conferma del gruppo sanguigno (AB0) e del fattore Rh<br \/>\n&#8211; Alla prima donazione vengono determinati:<br \/>\nABO, Fenotipo RH completo, Kell<br \/>\nRicerca anticorpi irregolari Anti-eritrociti<\/p>\n<p><strong><span style=\"color: #3366ff;\">L&#8217;intervallo di tempo tra una donazione e l&#8217;altra<\/span><\/strong><\/p>\n<p>L&#8217;intervallo minimo tra una donazione di sangue intero e l&#8217;altra \u00e8 di 90 giorni.<br \/>\nDi norma, quindi, gli uomini possono donare sangue intero 4 volte l&#8217;anno, mentre le donne 2 volte l&#8217;anno.<br \/>\nLe donne non possono donare sangue durante le mestruazioni o la gravidanza, e per un anno dopo il parto.<\/p>\n","protected":false},"excerpt":{"rendered":"<p>Chi intende diventare donatore di sangue pu\u00f2 recarsi presso una sede o un centro di raccolta Avis o un Servizio trasfusionale dell&#8217;ospedale della propria citt\u00e0. Colloquio con il medico Il colloquio aiuter\u00e0 a stabilire l&#8217;idoneit\u00e0 e ad individuare quale tipo di donazione \u00e8 pi\u00f9 indicata: sangue intero o aferesi. Dopo la visita medica verr\u00e0 effettuato [&hellip;]<\/p>\n","protected":false},"author":1,"featured_media":0,"parent":0,"menu_order":0,"comment_status":"closed","ping_status":"open","template":"","meta":{"saved_in_kubio":false,"_joinchat":[],"footnotes":""},"class_list":["post-16","page","type-page","status-publish","hentry"],"kubio_ai_page_context":{"short_desc":"","purpose":"general"},"_links":{"self":[{"href":"https:\/\/www.avismontichiari.it\/index.php\/wp-json\/wp\/v2\/pages\/16"}],"collection":[{"href":"https:\/\/www.avismontichiari.it\/index.php\/wp-json\/wp\/v2\/pages"}],"about":[{"href":"https:\/\/www.avismontichiari.it\/index.php\/wp-json\/wp\/v2\/types\/page"}],"author":[{"embeddable":true,"href":"https:\/\/www.avismontichiari.it\/index.php\/wp-json\/wp\/v2\/users\/1"}],"replies":[{"embeddable":true,"href":"https:\/\/www.avismontichiari.it\/index.php\/wp-json\/wp\/v2\/comments?post=16"}],"version-history":[{"count":1,"href":"https:\/\/www.avismontichiari.it\/index.php\/wp-json\/wp\/v2\/pages\/16\/revisions"}],"predecessor-version":[{"id":17,"href":"https:\/\/www.avismontichiari.it\/index.php\/wp-json\/wp\/v2\/pages\/16\/revisions\/17"}],"wp:attachment":[{"href":"https:\/\/www.avismontichiari.it\/index.php\/wp-json\/wp\/v2\/media?parent=16"}],"curies":[{"name":"wp","href":"https:\/\/api.w.org\/{rel}","templated":true}]}}