{"id":12,"date":"2013-06-24T10:18:41","date_gmt":"2013-06-24T08:18:41","guid":{"rendered":"http:\/\/www.avismontichiari.it\/?page_id=12"},"modified":"2013-06-24T10:20:05","modified_gmt":"2013-06-24T08:20:05","slug":"chi-puo-donare","status":"publish","type":"page","link":"https:\/\/www.avismontichiari.it\/index.php\/chi-puo-donare\/","title":{"rendered":"Chi pu\u00f2 donare"},"content":{"rendered":"<p><strong><span style=\"color: #3366ff;\">Condizioni di base per il donatore:<\/span><\/strong><\/p>\n<p><span style=\"color: #3366ff;\"><strong>Et\u00e0:<\/strong><\/span><br \/>\ncompresa tra 18 anni e i 60 anni (per candidarsi a diventare donatori di sangue intero) , 65 anni (et\u00e0 massima per proseguire l&#8217;attivit\u00e0 di donazione per i donatori periodici), con deroghe a giudizio del medico<\/p>\n<p><strong><span style=\"color: #3366ff;\">Peso:<\/span><\/strong><br \/>\nPi\u00f9 di 50 Kg<\/p>\n<p><strong><span style=\"color: #3366ff;\">Pulsazioni:<\/span><\/strong><br \/>\ncomprese tra 50-100 battiti\/min (anche con frequenza inferiore per chi pratica attivit\u00e0 sportive)<\/p>\n<p><span style=\"color: #3366ff;\"><strong>Pressione arteriosa:<\/strong><\/span><br \/>\ntra 110 e 180 mm di mercurio (Sistolica o MASSIMA)<br \/>\ntra 60 e 100 mm di mercurio (Diastolica o MINIMA)<\/p>\n<p><strong><span style=\"color: #3366ff;\">Stato di salute:<\/span><\/strong><br \/>\nBuono<\/p>\n<p><span style=\"color: #3366ff;\"><strong>Stile di vita:<\/strong><\/span><br \/>\nNessun comportamento a rischio<\/p>\n<p>E&#8217; doveroso autoescludersi per chi abbia nella storia personale:<\/p>\n<p>&#8211; assunzione di droghe<br \/>\n&#8211; alcolismo<br \/>\n&#8211; rapporti sessuali ad alto rischio di trasmissione di malattie infettive (es. occasionali,\u00a0\u00a0\u00a0\u00a0\u00a0\u00a0\u00a0\u00a0\u00a0\u00a0\u00a0\u00a0\u00a0 promiscui, &#8230;)<br \/>\n&#8211; epatite o ittero<br \/>\n&#8211; malattie veneree<br \/>\n&#8211; positivit\u00e0 per il test della sifilide (TPHA o VDRL)<br \/>\n&#8211; positivit\u00e0 per il test AIDS (anti-HIV 1)<br \/>\n&#8211; positivit\u00e0 per il test dell&#8217;epatite B (HBsAg)<br \/>\n&#8211; positivit\u00e0 per il test dell&#8217;epatite C (anti-HCV)<br \/>\n&#8211; rapporti sessuali con persone nelle condizioni incluse nell&#8217;elenco<\/p>\n<p>L&#8217;intervallo minimo tra una donazione di sangue intero e l&#8217;altra \u00e8 di <strong>90 giorni<\/strong>.<br \/>\nLa frequenza annua delle donazioni non deve essere superiore a 4 volte l&#8217;anno per gli uomini e 2 volte l&#8217;anno per le donne.<\/p>\n","protected":false},"excerpt":{"rendered":"<p>Condizioni di base per il donatore: Et\u00e0: compresa tra 18 anni e i 60 anni (per candidarsi a diventare donatori di sangue intero) , 65 anni (et\u00e0 massima per proseguire l&#8217;attivit\u00e0 di donazione per i donatori periodici), con deroghe a giudizio del medico Peso: Pi\u00f9 di 50 Kg Pulsazioni: comprese tra 50-100 battiti\/min (anche con [&hellip;]<\/p>\n","protected":false},"author":1,"featured_media":0,"parent":0,"menu_order":0,"comment_status":"closed","ping_status":"open","template":"","meta":{"saved_in_kubio":false,"_joinchat":[],"footnotes":""},"class_list":["post-12","page","type-page","status-publish","hentry"],"kubio_ai_page_context":{"short_desc":"","purpose":"general"},"_links":{"self":[{"href":"https:\/\/www.avismontichiari.it\/index.php\/wp-json\/wp\/v2\/pages\/12"}],"collection":[{"href":"https:\/\/www.avismontichiari.it\/index.php\/wp-json\/wp\/v2\/pages"}],"about":[{"href":"https:\/\/www.avismontichiari.it\/index.php\/wp-json\/wp\/v2\/types\/page"}],"author":[{"embeddable":true,"href":"https:\/\/www.avismontichiari.it\/index.php\/wp-json\/wp\/v2\/users\/1"}],"replies":[{"embeddable":true,"href":"https:\/\/www.avismontichiari.it\/index.php\/wp-json\/wp\/v2\/comments?post=12"}],"version-history":[{"count":3,"href":"https:\/\/www.avismontichiari.it\/index.php\/wp-json\/wp\/v2\/pages\/12\/revisions"}],"predecessor-version":[{"id":14,"href":"https:\/\/www.avismontichiari.it\/index.php\/wp-json\/wp\/v2\/pages\/12\/revisions\/14"}],"wp:attachment":[{"href":"https:\/\/www.avismontichiari.it\/index.php\/wp-json\/wp\/v2\/media?parent=12"}],"curies":[{"name":"wp","href":"https:\/\/api.w.org\/{rel}","templated":true}]}}