{"id":8,"date":"2013-06-24T10:14:10","date_gmt":"2013-06-24T08:14:10","guid":{"rendered":"http:\/\/www.avismontichiari.it\/?page_id=8"},"modified":"2013-07-02T17:14:03","modified_gmt":"2013-07-02T15:14:03","slug":"avis-e-sempre-tempo-di-donare-sangue","status":"publish","type":"page","link":"http:\/\/www.avismontichiari.it\/index.php\/avis-e-sempre-tempo-di-donare-sangue\/","title":{"rendered":"Perch\u00e9 donare"},"content":{"rendered":"<p><span style=\"color: #3366ff;\"><strong>AVIS, \u00c8 SEMPRE TEMPO DI DONARE SANGUE<\/strong><\/span><\/p>\n<p>Spesso trovo persone che mi chiedono informazioni sulla donazione di sangue. Queste righe possono forse servire a chiarire il tutto.<br \/>\nPossono donare il sangue tutte le persone sane di et\u00e0 compresa fra i 18 e i 65 anni e con peso corporeo non inferiore a 50 kg.<br \/>\nL&#8217;aspirante donatore pu\u00f2 venire c\/o la sede dell&#8217;Avis comunale del suo comune &#8211; nel nostro caso Montichiari (tel. 030\/9651693) &#8211; per ottenere tutte le informazioni del caso ed una volta compilato il modulo di iscrizione all&#8217;Avis, viene invitato a presentarsi &#8211; nelle giornate preposte &#8211; c\/o la locale struttura ospedaliera. L&#8217;aspirante avisino viene sottoposto ad una accurata visita medica ed ad esami di laboratorio per accertare l&#8217;idoneit\u00e0 o meno alla donazione del sangue. \u00c9 estremamente importante che il futuro donatore sia in buona salute e non corra rischi di contrarre infezioni per s\u00e9 e per gli ammalati che riceveranno il sangue donato.<br \/>\nPrima di ogni singola donazione, il donatore dialoga con il medico sul proprio stato di salute, esegue una visita di idoneit\u00e0 nel corso della quale vengono controllate, oltre all&#8217;emoglobina, anche la pressione arteriosa del sangue: la massima non deve essere superiore a 180mmHg n\u00e8 inferiore a 110mmHg e quella minima non deve essere superiore a 100mmHg.<br \/>\nAl donatore vengono prelevati circa 450gr. di sangue intero e tra una donazione e l&#8217;altra devono trascorrere almeno tre mesi per gli uomini, sei mesi per le donne in et\u00e0 fertile.<br \/>\nAd ogni donazione sul sangue del donatore sono controllati vari parametri, tra cui: HIV (malattia dell&#8217;AIDS ) &#8211; HCV (epatite C ) &#8211; HbsAg ( epatite B ) &#8211; ricerca malattie veneree &#8211; eventuale sofferenza del fegato ( ALT o GPT ).<br \/>\nPeriodicamente il donatore esegue esami completi del sangue e delle urine tesi a verificare il permanere del suo buono stato di salute.<\/p>\n<p><strong><span style=\"color: #3366ff;\">PERCHE&#8217; DONARE?<\/span> <\/strong><\/p>\n<p>I progressi della medicina e il miglioramento delle condizioni assistenziali fanno s\u00ec che in Italia e nel mondo ci sia sempre bisogno di molto sangue. L&#8217;unica possibile fonte di approvvigionamento di sangue &#8211; che non \u00e8 ancora riproducibile in laboratorio &#8211; \u00e8 l&#8217;uomo.<br \/>\nDonare, perci\u00f2, pu\u00f2 significare salvare una vita in pericolo.<\/p>\n<p><strong><span style=\"color: #3366ff;\">PERCHE&#8217; ASSOCIARSI?<\/span> <\/strong><\/p>\n<p>Oggi \u00e8 necessario che un donatore sia periodico; ci\u00f2 facendo egli \u00e8 sotto controllo e il suo sangue &#8211; quindi &#8211; risulta pi\u00f9 sicuro.<\/p>\n<p><strong><span style=\"color: #3366ff;\">COS&#8217;E&#8217; L&#8217;AVIS?<\/span> <\/strong><\/p>\n<p>L&#8217;Avis (associazione volontari italiani sangue), annovera il maggior numero di associati in Italia: oltre 1.070.000 nel 2007 (fonte Avis nazionale).<br \/>\nL\u2019Avis opera in ossequio ad un suo statuto ed in aderenza ai Piani Sangue Nazionale e Regionali, al fine di:<\/p>\n<p>&#8211; diffondere l&#8217;idea del dono e della solidariet\u00e0<br \/>\n&#8211; promuovere la raccolta di sangue<br \/>\n&#8211; informare la collettivit\u00e0 sull&#8217;utilizzo dello stesso<br \/>\n&#8211; suggerire iniziative utili al raggiungimento dell&#8217;autosufficienza di sangue in ambito nazionale (che, ad oggi, non esiste)<br \/>\n&#8211; tutelare la salute dei donatori e dei riceventi contribuendo all&#8217;educazione sanitaria e favorendo la medicina preventiva<br \/>\n&#8211; l&#8217;AVIS \u00e8 costituita da coloro che donano volontariamente, gratuitamente e anonimamente il proprio sangue<br \/>\n&#8211; l&#8217;AVIS \u00e8 apartitica, aconfessionale, non ammette discriminazioni di sesso, razza, lingua, nazionalit\u00e0, religione e ideologia politica ed esclude qualsiasi fine di lucro<\/p>\n<p><span style=\"color: #3366ff;\"><strong>NON ASPETTARE, VIENI A DONARE!<\/strong><\/span><\/p>\n<p><strong><span style=\"color: #ff0000;\">PAOLO BETTENZOLI<\/span><\/strong><br \/>\n<strong><span style=\"color: #ff0000;\">Presidente Avis Montichiari<\/span><\/strong><\/p>\n<p><strong>Da &#8220;Lettere al direttore&#8221;, Giornale di Brescia del 17 settembre 2009.<\/strong><\/p>\n","protected":false},"excerpt":{"rendered":"<p>AVIS, \u00c8 SEMPRE TEMPO DI DONARE SANGUE Spesso trovo persone che mi chiedono informazioni sulla donazione di sangue. Queste righe possono forse servire a chiarire il tutto. Possono donare il sangue tutte le persone sane di et\u00e0 compresa fra i 18 e i 65 anni e con peso corporeo non inferiore a 50 kg. L&#8217;aspirante [&hellip;]<\/p>\n","protected":false},"author":1,"featured_media":0,"parent":0,"menu_order":0,"comment_status":"closed","ping_status":"open","template":"","meta":{"saved_in_kubio":false,"_joinchat":[],"footnotes":""},"class_list":["post-8","page","type-page","status-publish","hentry"],"kubio_ai_page_context":{"short_desc":"","purpose":"general"},"_links":{"self":[{"href":"http:\/\/www.avismontichiari.it\/index.php\/wp-json\/wp\/v2\/pages\/8"}],"collection":[{"href":"http:\/\/www.avismontichiari.it\/index.php\/wp-json\/wp\/v2\/pages"}],"about":[{"href":"http:\/\/www.avismontichiari.it\/index.php\/wp-json\/wp\/v2\/types\/page"}],"author":[{"embeddable":true,"href":"http:\/\/www.avismontichiari.it\/index.php\/wp-json\/wp\/v2\/users\/1"}],"replies":[{"embeddable":true,"href":"http:\/\/www.avismontichiari.it\/index.php\/wp-json\/wp\/v2\/comments?post=8"}],"version-history":[{"count":4,"href":"http:\/\/www.avismontichiari.it\/index.php\/wp-json\/wp\/v2\/pages\/8\/revisions"}],"predecessor-version":[{"id":10,"href":"http:\/\/www.avismontichiari.it\/index.php\/wp-json\/wp\/v2\/pages\/8\/revisions\/10"}],"wp:attachment":[{"href":"http:\/\/www.avismontichiari.it\/index.php\/wp-json\/wp\/v2\/media?parent=8"}],"curies":[{"name":"wp","href":"https:\/\/api.w.org\/{rel}","templated":true}]}}