{"id":41,"date":"2013-06-28T14:55:08","date_gmt":"2013-06-28T12:55:08","guid":{"rendered":"http:\/\/www.avismontichiari.it\/?page_id=41"},"modified":"2013-06-28T14:55:08","modified_gmt":"2013-06-28T12:55:08","slug":"sicurezza-e-test","status":"publish","type":"page","link":"http:\/\/www.avismontichiari.it\/index.php\/sicurezza-e-test\/","title":{"rendered":"Sicurezza e Test"},"content":{"rendered":"<p class=\"imAlign_justify\"><span class=\"ff2 fc0 fs10 \">Per ogni unit\u00e0 raccolta, sia essa di sangue intero, plasma o piastrine o altri emocomponenti, vengono effettuati accertamenti di laboratorio, atti a valutarne l&#8217;idoneit\u00e0 a essere trasfusa, e precisamente:<\/p>\n<p>&#8211; Emocromo completo per lo studio di globuli rossi, globuli bianchi e piastrine<br \/>\n&#8211; Transaminasi ALT (per lo studio del fegato)<br \/>\n&#8211; Sierodiagnosi per la lue o sifilide<br \/>\n&#8211; HIV Ab 1-2 (per l&#8217;AIDS)<br \/>\n&#8211; HBs Ag (per l&#8217;epatite B)<br \/>\n&#8211; HCV Ab e ricerca di costituenti virali dell&#8217;HCV (per l&#8217;epatite C)<br \/>\n&#8211; Controlli e determinazione del gruppo sanguigno e del fattore Rh<\/p>\n<p>Secondo le normative vigenti in campo trasfusionale infatti, nessuna unit\u00e0 pu\u00f2 essere distribuita se non \u00e8 stata prima testata per le evidenziabili malattie virali a oggi trasmissibili. Il donatore periodico, oltre agli esami sopra riportati, ogni anno deve essere sottoposto ai seguenti esami: creatininemia, glicemia, proteinemia, sideremia, colesterolemia, trigliceridemia, ferritinemia.<\/p>\n<p>Oggi la sicurezza trasfusionale si basa su:<\/p>\n<p>&#8211; ricorso a donatori periodici e consapevoli<br \/>\n&#8211; esecuzione dei test disponibili per la rilevazione dei principali agenti infettivi trasmissibili<br \/>\n&#8211; buon uso del sangue<\/p>\n<p><\/span><strong><span class=\"ff2 fc3 fs10 fb \" style=\"color: #ff0000;\">Autoesclusione dalla donazione<\/span><\/strong><span class=\"ff2 fc0 fs10 \"> Fermo restando i controlli effettuati su ciascuna unit\u00e0 prelevata e l&#8217;aiuto del medico trasfusionista, vincolato dal segreto professionale, a chiarire e valutare le specifiche situazioni, \u00e8 doveroso autoescludersi per chi abbia nella storia personale:<\/p>\n<p>&#8211; assunzione di droghe<br \/>\n<\/span><\/p>\n<p class=\"imAlign_left\"><span class=\"ff2 fc0 fs10 \">&#8211; rapporti sessuali ad alto rischio di malattie infettive trasmissibili (ad es. rapporti occasionali, a pagamento, con persone sconosciute, promiscui)<br \/>\n&#8211; epatite o ittero<br \/>\n&#8211; malattie veneree<br \/>\n&#8211; positivit\u00e0 per il test della sifilide (TPHA o VDRL)<br \/>\n&#8211; positivit\u00e0 per il test AIDS (anti-HIV 1)<br \/>\n&#8211; positivit\u00e0 per il test dell&#8217;epatite B (HBsAg)<br \/>\n&#8211; positivit\u00e0 per il test dell&#8217;epatite C (anti-HCV)<br \/>\n&#8211; rapporti sessuali con persone nelle condizioni incluse nell&#8217;elenco<br \/>\n<\/span><\/p>\n<p class=\"imAlign_justify\"><span class=\"ff2 fc0 fs10 \"><br \/>\nL&#8217;autoesclusione dalla donazione avviene senza dover dare spiegazioni a nessuno.<br \/>\n<\/span><\/p>\n","protected":false},"excerpt":{"rendered":"<p>Per ogni unit\u00e0 raccolta, sia essa di sangue intero, plasma o piastrine o altri emocomponenti, vengono effettuati accertamenti di laboratorio, atti a valutarne l&#8217;idoneit\u00e0 a essere trasfusa, e precisamente: &#8211; Emocromo completo per lo studio di globuli rossi, globuli bianchi e piastrine &#8211; Transaminasi ALT (per lo studio del fegato) &#8211; Sierodiagnosi per la lue [&hellip;]<\/p>\n","protected":false},"author":1,"featured_media":0,"parent":0,"menu_order":0,"comment_status":"closed","ping_status":"open","template":"","meta":{"saved_in_kubio":false,"_joinchat":[],"footnotes":""},"class_list":["post-41","page","type-page","status-publish","hentry"],"kubio_ai_page_context":{"short_desc":"","purpose":"general"},"_links":{"self":[{"href":"http:\/\/www.avismontichiari.it\/index.php\/wp-json\/wp\/v2\/pages\/41"}],"collection":[{"href":"http:\/\/www.avismontichiari.it\/index.php\/wp-json\/wp\/v2\/pages"}],"about":[{"href":"http:\/\/www.avismontichiari.it\/index.php\/wp-json\/wp\/v2\/types\/page"}],"author":[{"embeddable":true,"href":"http:\/\/www.avismontichiari.it\/index.php\/wp-json\/wp\/v2\/users\/1"}],"replies":[{"embeddable":true,"href":"http:\/\/www.avismontichiari.it\/index.php\/wp-json\/wp\/v2\/comments?post=41"}],"version-history":[{"count":1,"href":"http:\/\/www.avismontichiari.it\/index.php\/wp-json\/wp\/v2\/pages\/41\/revisions"}],"predecessor-version":[{"id":42,"href":"http:\/\/www.avismontichiari.it\/index.php\/wp-json\/wp\/v2\/pages\/41\/revisions\/42"}],"wp:attachment":[{"href":"http:\/\/www.avismontichiari.it\/index.php\/wp-json\/wp\/v2\/media?parent=41"}],"curies":[{"name":"wp","href":"https:\/\/api.w.org\/{rel}","templated":true}]}}