{"id":231,"date":"2015-07-20T12:01:40","date_gmt":"2015-07-20T10:01:40","guid":{"rendered":"http:\/\/www.avismontichiari.it\/?page_id=231"},"modified":"2024-10-15T10:36:27","modified_gmt":"2024-10-15T08:36:27","slug":"privacy-cookie-policy","status":"publish","type":"page","link":"http:\/\/www.avismontichiari.it\/index.php\/privacy-cookie-policy\/","title":{"rendered":"PRIVACY E COOKIE POLICY"},"content":{"rendered":"<h1>Privacy e cookie<\/h1>\n<p>Con il presente documento, ai sensi degli artt. 13 e 122 del D. Lgs. 196\/2003 (&#8220;codice privacy&#8221;), nonch\u00e9 in base a quanto previsto dal Provvedimento generale del Garante privacy dell&#8217;8 maggio 2014, Avis Montichiari &#8211; Via Ciotti, 154 &#8211; 25018 Montichiari (BS) &#8211; Italia, titolare del trattamento, fornisce agli utenti del sito avismontichiari.it alcune informazioni relative ai cookie utilizzati.<\/p>\n<h2>Cosa sono i cookie<\/h2>\n<p>Un &#8220;cookie&#8221; \u00e8 un piccolo file di testo creato sul computer dell&#8217;utente al momento in cui questo accede ad un determinato sito, con lo scopo di immagazzinare e trasportare informazioni. I cookie sono inviati da un server web (che \u00e8 il computer sul quale \u00e8 in esecuzione il sito web visitato) al browser dell&#8217;utente (Internet Explorer, Mozilla Firefox, Google Chrome, ecc.) e memorizzati sul computer di quest&#8217;ultimo; vengono, quindi, re-inviati al sito web al momento delle visite successive.<\/p>\n<p>Nel corso della navigazione l&#8217;utente potrebbe ricevere sul suo terminale anche cookie di siti diversi (c.d. cookies di &#8220;terze parti&#8221;), impostati direttamente da gestori di detti siti web e utilizzati per le finalit\u00e0 e secondo le modalit\u00e0 da questi definiti.<\/p>\n<h2>Tipologie di cookie utilizzate dal presente sito<\/h2>\n<h3>Cookie del Titolare<\/h3>\n<p>Il sito avismontichiari.it utilizza solo cookie tecnici, rispetto ai quali, ai sensi dell&#8217;art. 122 del codice privacy e del Provvedimento del Garante dell&#8217;8 maggio 2014, non \u00e8 richiesto alcun consenso da parte dell&#8217;interessato.<\/p>\n<p>Pi\u00f9 precisamente il sito utilizza:<\/p>\n<ul>\n<li>cookie tecnici strettamente necessari per consentire la navigazione da parte dell&#8217;utente, in assenza dei quali il sito web non potrebbe funzionare correttamente<\/li>\n<li>cookie tecnici funzionali, che agevolano la navigazione dell&#8217;utente<\/li>\n<\/ul>\n<h3>Cookie di terze parti<\/h3>\n<h4>Google Analytics<\/h4>\n<p>Il Sito utilizza Google Analytics. Si tratta di un servizio di analisi web fornito da Google Inc. (&#8220;Google&#8221;) che utilizza dei cookie che vengono depositati sul computer dell&#8217;utente per consentire analisi statistiche in forma aggregata in ordine all&#8217;utilizzo del sito web visitato.<\/p>\n<p>I Dati generati da Google Analytics sono conservati da Google cos\u00ec come indicato nella Informativa reperibile al <a href=\"https:\/\/developers.google.com\/analytics\/devguides\/collection\/analyticsjs\/cookie-usage\">seguente link<\/a>.<\/p>\n<p>Per consultare l&#8217;<a href=\"http:\/\/www.google.com\/intl\/en\/analytics\/privacyoverview.html\">informativa privacy della societ\u00e0 Google Inc.<\/a>, titolare autonomo del trattamento dei dati relativi al servizio Google Analytics, si rinvia al sito Internet.<\/p>\n<h4>Pulsanti e widget di social network<\/h4>\n<p>I Social buttons sono quei particolari &#8220;pulsanti&#8221; presenti sul sito che raffigurano le icone di social network (esempio, Facebook e Twitter) e consentono agli utenti che stanno navigando di interagire con un &#8220;click&#8221; direttamente con le piattaforme social.<\/p>\n<p>Il sito incorpora pulsanti e widget di Facebook, Google e Twitter, che comportano l&#8217;installazione di cookie, anche profilanti, di detti Social. Nessuna informazione viene invece condivisa dal sito in cui il pulsante e widget \u00e8 incorporato. Per maggiori informazioni, anche sulla disattivazione di tali cookie, si consiglia di consultare i seguenti link:<\/p>\n<p><b>Per Twitter<\/b> (Twitter inc.)<\/p>\n<ul>\n<li><a href=\"http:\/\/twitter.com\/privacy\">Policy Privacy<\/a><\/li>\n<li><a href=\"https:\/\/support.twitter.com\/articles\/20170519-uso-dei-cookie-e-di-altre-tecnologie-simili-da-parte-di-twitter\">Policy Cookie<\/a><\/li>\n<\/ul>\n<p><b>Per Facebook<\/b> (Facebook inc.)<\/p>\n<ul>\n<li><a href=\"https:\/\/www.facebook.com\/help\/cookies\">Policy Cookie<\/a><\/li>\n<\/ul>\n<p><b>Per Google<\/b> (Google inc.)<\/p>\n<ul>\n<li><a href=\"https:\/\/www.google.it\/intl\/it\/policies\/privacy\/#infocollect\">Policy Privacy<\/a><\/li>\n<li><a href=\"https:\/\/www.google.it\/intl\/it\/policies\/technologies\/cookies\/\">Policy Cookie<\/a><\/li>\n<\/ul>\n<h2>Modalit\u00e0 del trattamento<\/h2>\n<p>Il trattamento viene effettuato con strumenti automatizzati dal Titolare. Non viene effettuata alcuna diffusione o comunicazione.<\/p>\n<h2>Conferimento dei dati<\/h2>\n<p>Fatta eccezione per i cookie tecnici strettamente necessari alla normale navigazione, l&#8217;interessato pu\u00f2 evitare l&#8217;installazione dei cookie attraverso apposite funzioni disponibili sul proprio browser.<\/p>\n<h2>Disabilitazione dei cookie<\/h2>\n<p>Fermo restando quanto sopra indicato in ordine ai cookie strettamente necessari alla navigazione, l&#8217;utente pu\u00f2 eliminare gli altri cookie attraverso la funzionalit\u00e0 a tal fine messa a disposizione dal Titolare tramite la presente informativa oppure direttamente tramite il proprio browser.<\/p>\n<p>Ciascun browser presenta procedure diverse per la gestione delle impostazioni. L&#8217;utente pu\u00f2 ottenere istruzioni specifiche attraverso i link sottostanti.<\/p>\n<ul>\n<li><a href=\"http:\/\/windows.microsoft.com\/it-it\/windows\/search#q=cookie\">Microsoft Windows Explorer<\/a><\/li>\n<li><a href=\"https:\/\/support.google.com\/chrome\/bin\/answer.py?hl=it&amp;answer=95647&amp;p=cpn_cookies\">Google Chrome<\/a><\/li>\n<li><a href=\"http:\/\/support.mozilla.org\/it-IT\/kb\/Enabling%20and%20disabling%20cookies\">Mozilla Firefox<\/a><\/li>\n<li><a href=\"http:\/\/support.apple.com\/kb\/PH17191?viewlocale=it_IT&amp;locale=it_IT\">Apple Safari<\/a><\/li>\n<\/ul>\n<p>La disattivazione dei cookie di terze parti \u00e8 inoltre possibile attraverso le modalit\u00e0 rese disponibili direttamente dalla societ\u00e0 terza titolare per detto trattamento, come indicato ai link riportati nel paragrafo &#8220;cookie di terze parti&#8221;.<\/p>\n<h2>Diritti dell&#8217;interessato<\/h2>\n<p>L&#8217;interessato potr\u00e0 far valere in ogni momento, rivolgendosi al titolare del trattamento tramite l&#8217;invio di una mail all&#8217;indirizzo <a href=\"segreteria@avismontichiari.it\">segreteria@avismontichiari.it<\/a>, i diritti di cui all&#8217;art. 7 del D.Lgs. 30 giugno 2003 n. 196, che di seguito si riporta testualmente.<\/p>\n<p><b>Art. 7 D. Lgs. 196\/2003<\/b><\/p>\n<ol>\n<li>L&#8217;interessato ha diritto di ottenere la conferma dell&#8217;esistenza o meno di dati personali che lo riguardano, anche se non ancora registrati, e la loro comunicazione in forma intelligibile.<\/li>\n<li>L&#8217;interessato ha diritto di ottenere l&#8217;indicazione:\n<ol>\n<li>dell&#8217;origine dei dati personali;<\/li>\n<li>delle finalit\u00e0 e modalit\u00e0 del trattamento;<\/li>\n<li>della logica applicata in caso di trattamento effettuato con l&#8217;ausilio di strumenti elettronici;<\/li>\n<li>degli estremi identificativi del titolare, dei responsabili e del rappresentante designato ai sensi dell&#8217;articolo 5, comma 2;<\/li>\n<li>dei soggetti o delle categorie di soggetti ai quali i dati personali possono essere comunicati o che possono venirne a conoscenza in qualit\u00e0 di rappresentante designato nel territorio dello Stato, di responsabili o incaricati.<\/li>\n<\/ol>\n<\/li>\n<li>L&#8217;interessato ha diritto di ottenere:\n<ol>\n<li>l&#8217;aggiornamento, la rettificazione ovvero, quando vi ha interesse, l&#8217;integrazione dei dati;<\/li>\n<li>la cancellazione, la trasformazione in forma anonima o il blocco dei dati trattati in violazione di legge, compresi quelli di cui non \u00e8 necessaria la conservazione in relazione agli scopi per i quali i dati sono stati raccolti o successivamente trattati;<\/li>\n<li>l&#8217;attestazione che le operazioni di cui alle lettere a) e b) sono state portate a conoscenza, anche per quanto riguarda il loro contenuto, di coloro ai quali i dati sono stati comunicati o diffusi, eccettuato il caso in cui tale adempimento si rivela impossibile o comporta un impiego di mezzi manifestamente sproporzionato rispetto al diritto tutelato.<\/li>\n<\/ol>\n<\/li>\n<li>L&#8217;interessato ha diritto di opporsi, in tutto o in parte:\n<ol>\n<li>per motivi legittimi al trattamento dei dati personali che lo riguardano, ancorch\u00e9 pertinenti allo scopo della raccolta;<\/li>\n<li>al trattamento di dati personali che lo riguardano a fini di invio di materiale pubblicitario o di vendita diretta o per il compimento di ricerche di mercato o di comunicazione commerciale.<\/li>\n<\/ol>\n<\/li>\n<\/ol>\n<h2><b>Titolare<\/b><\/h2>\n<p>Il Titolare del trattamento \u00e8\u00a0Avis Montichiari &#8211; Via Ciotti, 154 &#8211; 25018 Montichiari (BS) &#8211; Italia.<\/p>\n","protected":false},"excerpt":{"rendered":"<p>Privacy e cookie Con il presente documento, ai sensi degli artt. 13 e 122 del D. Lgs. 196\/2003 (&#8220;codice privacy&#8221;), nonch\u00e9 in base a quanto previsto dal Provvedimento generale del Garante privacy dell&#8217;8 maggio 2014, Avis Montichiari &#8211; Via Ciotti, 154 &#8211; 25018 Montichiari (BS) &#8211; Italia, titolare del trattamento, fornisce agli utenti del sito [&hellip;]<\/p>\n","protected":false},"author":1,"featured_media":0,"parent":0,"menu_order":0,"comment_status":"open","ping_status":"closed","template":"","meta":{"saved_in_kubio":false,"_joinchat":[],"footnotes":""},"class_list":["post-231","page","type-page","status-publish","hentry"],"kubio_ai_page_context":{"short_desc":"","purpose":"general"},"_links":{"self":[{"href":"http:\/\/www.avismontichiari.it\/index.php\/wp-json\/wp\/v2\/pages\/231"}],"collection":[{"href":"http:\/\/www.avismontichiari.it\/index.php\/wp-json\/wp\/v2\/pages"}],"about":[{"href":"http:\/\/www.avismontichiari.it\/index.php\/wp-json\/wp\/v2\/types\/page"}],"author":[{"embeddable":true,"href":"http:\/\/www.avismontichiari.it\/index.php\/wp-json\/wp\/v2\/users\/1"}],"replies":[{"embeddable":true,"href":"http:\/\/www.avismontichiari.it\/index.php\/wp-json\/wp\/v2\/comments?post=231"}],"version-history":[{"count":4,"href":"http:\/\/www.avismontichiari.it\/index.php\/wp-json\/wp\/v2\/pages\/231\/revisions"}],"predecessor-version":[{"id":1241,"href":"http:\/\/www.avismontichiari.it\/index.php\/wp-json\/wp\/v2\/pages\/231\/revisions\/1241"}],"wp:attachment":[{"href":"http:\/\/www.avismontichiari.it\/index.php\/wp-json\/wp\/v2\/media?parent=231"}],"curies":[{"name":"wp","href":"https:\/\/api.w.org\/{rel}","templated":true}]}}